{"id":29,"date":"2022-07-12T09:04:40","date_gmt":"2022-07-12T07:04:40","guid":{"rendered":"https:\/\/fredensborg.lokalehaandvaerkere.dk\/?page_id=29"},"modified":"2024-06-25T10:59:38","modified_gmt":"2024-06-25T08:59:38","slug":"kontakt-os","status":"publish","type":"page","link":"https:\/\/fredensborg.lokalehaandvaerkere.dk\/index.php\/kontakt-os\/","title":{"rendered":"Kontakt os"},"content":{"rendered":"\n<div class=\"wp-block-columns is-layout-flex wp-container-core-columns-is-layout-9d6595d7 wp-block-columns-is-layout-flex\">\n<div class=\"wp-block-column is-layout-flow wp-block-column-is-layout-flow\">\n<p><strong>Lokale H\u00e5ndv\u00e6rkere<\/strong> <strong>ApS <\/strong><\/p>\n\n\n\n<p>Kontor.\u00a0<strong>2142 4346<\/strong><\/p>\n\n\n\n<p>\u00c5bningstid: Mandag \u2013 Fredag 10.00 \u2013 18.00<\/p>\n\n\n\n<p>\u00c5bningstid: L\u00f8rdag \u2013 S\u00f8ndag 10.00 \u2013 13.00<\/p>\n\n\n\n<p><\/p>\n\n\n\n<p>Mail os: kontakt@lokalehaandvaerkere.dk<\/p>\n\n\n\n<p><em>Lokale H\u00e5ndv\u00e6rkere ejes af Nord Media ApS CVR. 35383573<\/em><\/p>\n<\/div>\n\n\n\n<div class=\"wp-block-column is-layout-flow wp-block-column-is-layout-flow\">\n<figure class=\"wp-block-image size-full\"><img loading=\"lazy\" decoding=\"async\" width=\"850\" height=\"420\" src=\"https:\/\/fredensborg.lokalehaandvaerkere.dk\/wp-content\/uploads\/2022\/07\/kontakt-os-din-lokale-behandler.png\" alt=\"\" class=\"wp-image-19\" srcset=\"https:\/\/fredensborg.lokalehaandvaerkere.dk\/wp-content\/uploads\/2022\/07\/kontakt-os-din-lokale-behandler.png 850w, https:\/\/fredensborg.lokalehaandvaerkere.dk\/wp-content\/uploads\/2022\/07\/kontakt-os-din-lokale-behandler-300x148.png 300w, https:\/\/fredensborg.lokalehaandvaerkere.dk\/wp-content\/uploads\/2022\/07\/kontakt-os-din-lokale-behandler-768x379.png 768w\" sizes=\"auto, (max-width: 850px) 100vw, 850px\" \/><\/figure>\n<\/div>\n<\/div>\n","protected":false},"excerpt":{"rendered":"<p>Lokale H\u00e5ndv\u00e6rkere ApS Kontor.\u00a02142 4346 \u00c5bningstid: Mandag \u2013 Fredag 10.00 \u2013 18.00 \u00c5bningstid: L\u00f8rdag \u2013 S\u00f8ndag 10.00 \u2013 13.00 Mail os: kontakt@lokalehaandvaerkere.dk Lokale H\u00e5ndv\u00e6rkere ejes af Nord Media ApS CVR. 35383573<\/p>\n","protected":false},"author":1,"featured_media":0,"parent":0,"menu_order":0,"comment_status":"closed","ping_status":"closed","template":"","meta":{"footnotes":""},"class_list":["post-29","page","type-page","status-publish","hentry"],"yoast_head":"<!-- This site is optimized with the Yoast SEO plugin v27.5 - https:\/\/yoast.com\/product\/yoast-seo-wordpress\/ -->\n<title>Kontakt os - Lokale H\u00e5ndv\u00e6rkere i Fredensborg Kommune<\/title>\n<meta name=\"robots\" content=\"index, follow, max-snippet:-1, max-image-preview:large, max-video-preview:-1\" \/>\n<link rel=\"canonical\" href=\"https:\/\/fredensborg.lokalehaandvaerkere.dk\/index.php\/kontakt-os\/\" \/>\n<meta property=\"og:locale\" content=\"da_DK\" \/>\n<meta property=\"og:type\" content=\"article\" \/>\n<meta property=\"og:title\" content=\"Kontakt os - Lokale H\u00e5ndv\u00e6rkere i Fredensborg Kommune\" \/>\n<meta property=\"og:description\" content=\"Lokale H\u00e5ndv\u00e6rkere ApS Kontor.\u00a02142 4346 \u00c5bningstid: Mandag \u2013 Fredag 10.00 \u2013 18.00 \u00c5bningstid: L\u00f8rdag \u2013 S\u00f8ndag 10.00 \u2013 13.00 Mail os: kontakt@lokalehaandvaerkere.dk Lokale H\u00e5ndv\u00e6rkere ejes af Nord Media ApS CVR. 35383573\" \/>\n<meta property=\"og:url\" content=\"https:\/\/fredensborg.lokalehaandvaerkere.dk\/index.php\/kontakt-os\/\" \/>\n<meta property=\"og:site_name\" content=\"Lokale H\u00e5ndv\u00e6rkere i Fredensborg Kommune\" \/>\n<meta property=\"article:modified_time\" content=\"2024-06-25T08:59:38+00:00\" \/>\n<meta property=\"og:image\" content=\"https:\/\/fredensborg.lokalehaandvaerkere.dk\/wp-content\/uploads\/2022\/07\/kontakt-os-din-lokale-behandler.png\" \/>\n<meta name=\"twitter:card\" content=\"summary_large_image\" \/>\n<meta name=\"twitter:label1\" content=\"Estimeret l\u00e6setid\" \/>\n\t<meta name=\"twitter:data1\" content=\"1 minut\" \/>\n<script type=\"application\/ld+json\" class=\"yoast-schema-graph\">{\"@context\":\"https:\\\/\\\/schema.org\",\"@graph\":[{\"@type\":\"WebPage\",\"@id\":\"https:\\\/\\\/fredensborg.lokalehaandvaerkere.dk\\\/index.php\\\/kontakt-os\\\/\",\"url\":\"https:\\\/\\\/fredensborg.lokalehaandvaerkere.dk\\\/index.php\\\/kontakt-os\\\/\",\"name\":\"Kontakt os - Lokale H\u00e5ndv\u00e6rkere i Fredensborg Kommune\",\"isPartOf\":{\"@id\":\"https:\\\/\\\/fredensborg.lokalehaandvaerkere.dk\\\/#website\"},\"primaryImageOfPage\":{\"@id\":\"https:\\\/\\\/fredensborg.lokalehaandvaerkere.dk\\\/index.php\\\/kontakt-os\\\/#primaryimage\"},\"image\":{\"@id\":\"https:\\\/\\\/fredensborg.lokalehaandvaerkere.dk\\\/index.php\\\/kontakt-os\\\/#primaryimage\"},\"thumbnailUrl\":\"https:\\\/\\\/fredensborg.lokalehaandvaerkere.dk\\\/wp-content\\\/uploads\\\/2022\\\/07\\\/kontakt-os-din-lokale-behandler.png\",\"datePublished\":\"2022-07-12T07:04:40+00:00\",\"dateModified\":\"2024-06-25T08:59:38+00:00\",\"breadcrumb\":{\"@id\":\"https:\\\/\\\/fredensborg.lokalehaandvaerkere.dk\\\/index.php\\\/kontakt-os\\\/#breadcrumb\"},\"inLanguage\":\"da-DK\",\"potentialAction\":[{\"@type\":\"ReadAction\",\"target\":[\"https:\\\/\\\/fredensborg.lokalehaandvaerkere.dk\\\/index.php\\\/kontakt-os\\\/\"]}]},{\"@type\":\"ImageObject\",\"inLanguage\":\"da-DK\",\"@id\":\"https:\\\/\\\/fredensborg.lokalehaandvaerkere.dk\\\/index.php\\\/kontakt-os\\\/#primaryimage\",\"url\":\"https:\\\/\\\/fredensborg.lokalehaandvaerkere.dk\\\/wp-content\\\/uploads\\\/2022\\\/07\\\/kontakt-os-din-lokale-behandler.png\",\"contentUrl\":\"https:\\\/\\\/fredensborg.lokalehaandvaerkere.dk\\\/wp-content\\\/uploads\\\/2022\\\/07\\\/kontakt-os-din-lokale-behandler.png\",\"width\":850,\"height\":420},{\"@type\":\"BreadcrumbList\",\"@id\":\"https:\\\/\\\/fredensborg.lokalehaandvaerkere.dk\\\/index.php\\\/kontakt-os\\\/#breadcrumb\",\"itemListElement\":[{\"@type\":\"ListItem\",\"position\":1,\"name\":\"Hjem\",\"item\":\"https:\\\/\\\/fredensborg.lokalehaandvaerkere.dk\\\/\"},{\"@type\":\"ListItem\",\"position\":2,\"name\":\"Kontakt os\"}]},{\"@type\":\"WebSite\",\"@id\":\"https:\\\/\\\/fredensborg.lokalehaandvaerkere.dk\\\/#website\",\"url\":\"https:\\\/\\\/fredensborg.lokalehaandvaerkere.dk\\\/\",\"name\":\"Lokale H\u00e5ndv\u00e6rkere i Fredensborg Kommune\",\"description\":\"En h\u00e5ndv\u00e6rker i n\u00e6rheden af dig i Fredensborg kommune\",\"potentialAction\":[{\"@type\":\"SearchAction\",\"target\":{\"@type\":\"EntryPoint\",\"urlTemplate\":\"https:\\\/\\\/fredensborg.lokalehaandvaerkere.dk\\\/?s={search_term_string}\"},\"query-input\":{\"@type\":\"PropertyValueSpecification\",\"valueRequired\":true,\"valueName\":\"search_term_string\"}}],\"inLanguage\":\"da-DK\"}]}<\/script>\n<!-- \/ Yoast SEO plugin. -->","yoast_head_json":{"title":"Kontakt os - Lokale H\u00e5ndv\u00e6rkere i Fredensborg Kommune","robots":{"index":"index","follow":"follow","max-snippet":"max-snippet:-1","max-image-preview":"max-image-preview:large","max-video-preview":"max-video-preview:-1"},"canonical":"https:\/\/fredensborg.lokalehaandvaerkere.dk\/index.php\/kontakt-os\/","og_locale":"da_DK","og_type":"article","og_title":"Kontakt os - Lokale H\u00e5ndv\u00e6rkere i Fredensborg Kommune","og_description":"Lokale H\u00e5ndv\u00e6rkere ApS Kontor.\u00a02142 4346 \u00c5bningstid: Mandag \u2013 Fredag 10.00 \u2013 18.00 \u00c5bningstid: L\u00f8rdag \u2013 S\u00f8ndag 10.00 \u2013 13.00 Mail os: kontakt@lokalehaandvaerkere.dk Lokale H\u00e5ndv\u00e6rkere ejes af Nord Media ApS CVR. 35383573","og_url":"https:\/\/fredensborg.lokalehaandvaerkere.dk\/index.php\/kontakt-os\/","og_site_name":"Lokale H\u00e5ndv\u00e6rkere i Fredensborg Kommune","article_modified_time":"2024-06-25T08:59:38+00:00","og_image":[{"url":"https:\/\/fredensborg.lokalehaandvaerkere.dk\/wp-content\/uploads\/2022\/07\/kontakt-os-din-lokale-behandler.png","type":"","width":"","height":""}],"twitter_card":"summary_large_image","twitter_misc":{"Estimeret l\u00e6setid":"1 minut"},"schema":{"@context":"https:\/\/schema.org","@graph":[{"@type":"WebPage","@id":"https:\/\/fredensborg.lokalehaandvaerkere.dk\/index.php\/kontakt-os\/","url":"https:\/\/fredensborg.lokalehaandvaerkere.dk\/index.php\/kontakt-os\/","name":"Kontakt os - Lokale H\u00e5ndv\u00e6rkere i Fredensborg Kommune","isPartOf":{"@id":"https:\/\/fredensborg.lokalehaandvaerkere.dk\/#website"},"primaryImageOfPage":{"@id":"https:\/\/fredensborg.lokalehaandvaerkere.dk\/index.php\/kontakt-os\/#primaryimage"},"image":{"@id":"https:\/\/fredensborg.lokalehaandvaerkere.dk\/index.php\/kontakt-os\/#primaryimage"},"thumbnailUrl":"https:\/\/fredensborg.lokalehaandvaerkere.dk\/wp-content\/uploads\/2022\/07\/kontakt-os-din-lokale-behandler.png","datePublished":"2022-07-12T07:04:40+00:00","dateModified":"2024-06-25T08:59:38+00:00","breadcrumb":{"@id":"https:\/\/fredensborg.lokalehaandvaerkere.dk\/index.php\/kontakt-os\/#breadcrumb"},"inLanguage":"da-DK","potentialAction":[{"@type":"ReadAction","target":["https:\/\/fredensborg.lokalehaandvaerkere.dk\/index.php\/kontakt-os\/"]}]},{"@type":"ImageObject","inLanguage":"da-DK","@id":"https:\/\/fredensborg.lokalehaandvaerkere.dk\/index.php\/kontakt-os\/#primaryimage","url":"https:\/\/fredensborg.lokalehaandvaerkere.dk\/wp-content\/uploads\/2022\/07\/kontakt-os-din-lokale-behandler.png","contentUrl":"https:\/\/fredensborg.lokalehaandvaerkere.dk\/wp-content\/uploads\/2022\/07\/kontakt-os-din-lokale-behandler.png","width":850,"height":420},{"@type":"BreadcrumbList","@id":"https:\/\/fredensborg.lokalehaandvaerkere.dk\/index.php\/kontakt-os\/#breadcrumb","itemListElement":[{"@type":"ListItem","position":1,"name":"Hjem","item":"https:\/\/fredensborg.lokalehaandvaerkere.dk\/"},{"@type":"ListItem","position":2,"name":"Kontakt os"}]},{"@type":"WebSite","@id":"https:\/\/fredensborg.lokalehaandvaerkere.dk\/#website","url":"https:\/\/fredensborg.lokalehaandvaerkere.dk\/","name":"Lokale H\u00e5ndv\u00e6rkere i Fredensborg Kommune","description":"En h\u00e5ndv\u00e6rker i n\u00e6rheden af dig i Fredensborg kommune","potentialAction":[{"@type":"SearchAction","target":{"@type":"EntryPoint","urlTemplate":"https:\/\/fredensborg.lokalehaandvaerkere.dk\/?s={search_term_string}"},"query-input":{"@type":"PropertyValueSpecification","valueRequired":true,"valueName":"search_term_string"}}],"inLanguage":"da-DK"}]}},"_links":{"self":[{"href":"https:\/\/fredensborg.lokalehaandvaerkere.dk\/index.php\/wp-json\/wp\/v2\/pages\/29","targetHints":{"allow":["GET"]}}],"collection":[{"href":"https:\/\/fredensborg.lokalehaandvaerkere.dk\/index.php\/wp-json\/wp\/v2\/pages"}],"about":[{"href":"https:\/\/fredensborg.lokalehaandvaerkere.dk\/index.php\/wp-json\/wp\/v2\/types\/page"}],"author":[{"embeddable":true,"href":"https:\/\/fredensborg.lokalehaandvaerkere.dk\/index.php\/wp-json\/wp\/v2\/users\/1"}],"replies":[{"embeddable":true,"href":"https:\/\/fredensborg.lokalehaandvaerkere.dk\/index.php\/wp-json\/wp\/v2\/comments?post=29"}],"version-history":[{"count":5,"href":"https:\/\/fredensborg.lokalehaandvaerkere.dk\/index.php\/wp-json\/wp\/v2\/pages\/29\/revisions"}],"predecessor-version":[{"id":192,"href":"https:\/\/fredensborg.lokalehaandvaerkere.dk\/index.php\/wp-json\/wp\/v2\/pages\/29\/revisions\/192"}],"wp:attachment":[{"href":"https:\/\/fredensborg.lokalehaandvaerkere.dk\/index.php\/wp-json\/wp\/v2\/media?parent=29"}],"curies":[{"name":"wp","href":"https:\/\/api.w.org\/{rel}","templated":true}]}}