{"id":9,"date":"2022-07-12T08:44:31","date_gmt":"2022-07-12T06:44:31","guid":{"rendered":"https:\/\/fredensborg.lokalehaandvaerkere.dk\/index.php\/add-listing\/"},"modified":"2023-03-06T12:31:20","modified_gmt":"2023-03-06T11:31:20","slug":"tilmeld-handvaerker-her-klik-pa-sign-up","status":"publish","type":"page","link":"https:\/\/fredensborg.lokalehaandvaerkere.dk\/index.php\/tilmeld-handvaerker-her-klik-pa-sign-up\/","title":{"rendered":"Tilmeld h\u00e5ndv\u00e6rker her."},"content":{"rendered":"                <section class=\"directory_wrapper single_area\">\n                                <div class=\"notice_wrapper\">\n                <div class=\"directorist-alert directorist-alert-warning\"><i class=\"directorist-icon-mask\" aria-hidden=\"true\" style=\"--directorist-icon: url(https:\/\/fredensborg.lokalehaandvaerkere.dk\/wp-content\/plugins\/directorist\/assets\/icons\/line-awesome\/svgs\/info-circle-solid.svg)\"><\/i> You need to be logged in to view the content of this page. You can login\/sign up <a href='https:\/\/fredensborg.lokalehaandvaerkere.dk\/index.php\/dashboard\/'> Her<\/a>.<\/div>\n            <\/div>\n                            <\/section>\n                \n","protected":false},"excerpt":{"rendered":"","protected":false},"author":1,"featured_media":0,"parent":0,"menu_order":0,"comment_status":"closed","ping_status":"closed","template":"","meta":{"footnotes":""},"class_list":["post-9","page","type-page","status-publish","hentry"],"yoast_head":"<!-- This site is optimized with the Yoast SEO plugin v27.5 - https:\/\/yoast.com\/product\/yoast-seo-wordpress\/ -->\n<title>Tilmeld h\u00e5ndv\u00e6rker her. - Lokale H\u00e5ndv\u00e6rkere i Fredensborg Kommune<\/title>\n<meta name=\"robots\" content=\"index, follow, max-snippet:-1, max-image-preview:large, max-video-preview:-1\" \/>\n<link rel=\"canonical\" href=\"https:\/\/fredensborg.lokalehaandvaerkere.dk\/index.php\/tilmeld-handvaerker-her-klik-pa-sign-up\/\" \/>\n<meta property=\"og:locale\" content=\"da_DK\" \/>\n<meta property=\"og:type\" content=\"article\" \/>\n<meta property=\"og:title\" content=\"Tilmeld h\u00e5ndv\u00e6rker her. - Lokale H\u00e5ndv\u00e6rkere i Fredensborg Kommune\" \/>\n<meta property=\"og:url\" content=\"https:\/\/fredensborg.lokalehaandvaerkere.dk\/index.php\/tilmeld-handvaerker-her-klik-pa-sign-up\/\" \/>\n<meta property=\"og:site_name\" content=\"Lokale H\u00e5ndv\u00e6rkere i Fredensborg Kommune\" \/>\n<meta property=\"article:modified_time\" content=\"2023-03-06T11:31:20+00:00\" \/>\n<meta name=\"twitter:card\" content=\"summary_large_image\" \/>\n<meta name=\"twitter:label1\" content=\"Estimeret l\u00e6setid\" \/>\n\t<meta name=\"twitter:data1\" content=\"1 minut\" \/>\n<script type=\"application\/ld+json\" class=\"yoast-schema-graph\">{\"@context\":\"https:\\\/\\\/schema.org\",\"@graph\":[{\"@type\":\"WebPage\",\"@id\":\"https:\\\/\\\/fredensborg.lokalehaandvaerkere.dk\\\/index.php\\\/tilmeld-handvaerker-her-klik-pa-sign-up\\\/\",\"url\":\"https:\\\/\\\/fredensborg.lokalehaandvaerkere.dk\\\/index.php\\\/tilmeld-handvaerker-her-klik-pa-sign-up\\\/\",\"name\":\"Tilmeld h\u00e5ndv\u00e6rker her. - Lokale H\u00e5ndv\u00e6rkere i Fredensborg Kommune\",\"isPartOf\":{\"@id\":\"https:\\\/\\\/fredensborg.lokalehaandvaerkere.dk\\\/#website\"},\"datePublished\":\"2022-07-12T06:44:31+00:00\",\"dateModified\":\"2023-03-06T11:31:20+00:00\",\"breadcrumb\":{\"@id\":\"https:\\\/\\\/fredensborg.lokalehaandvaerkere.dk\\\/index.php\\\/tilmeld-handvaerker-her-klik-pa-sign-up\\\/#breadcrumb\"},\"inLanguage\":\"da-DK\",\"potentialAction\":[{\"@type\":\"ReadAction\",\"target\":[\"https:\\\/\\\/fredensborg.lokalehaandvaerkere.dk\\\/index.php\\\/tilmeld-handvaerker-her-klik-pa-sign-up\\\/\"]}]},{\"@type\":\"BreadcrumbList\",\"@id\":\"https:\\\/\\\/fredensborg.lokalehaandvaerkere.dk\\\/index.php\\\/tilmeld-handvaerker-her-klik-pa-sign-up\\\/#breadcrumb\",\"itemListElement\":[{\"@type\":\"ListItem\",\"position\":1,\"name\":\"Hjem\",\"item\":\"https:\\\/\\\/fredensborg.lokalehaandvaerkere.dk\\\/\"},{\"@type\":\"ListItem\",\"position\":2,\"name\":\"Tilmeld h\u00e5ndv\u00e6rker her.\"}]},{\"@type\":\"WebSite\",\"@id\":\"https:\\\/\\\/fredensborg.lokalehaandvaerkere.dk\\\/#website\",\"url\":\"https:\\\/\\\/fredensborg.lokalehaandvaerkere.dk\\\/\",\"name\":\"Lokale H\u00e5ndv\u00e6rkere i Fredensborg Kommune\",\"description\":\"En h\u00e5ndv\u00e6rker i n\u00e6rheden af dig i Fredensborg kommune\",\"potentialAction\":[{\"@type\":\"SearchAction\",\"target\":{\"@type\":\"EntryPoint\",\"urlTemplate\":\"https:\\\/\\\/fredensborg.lokalehaandvaerkere.dk\\\/?s={search_term_string}\"},\"query-input\":{\"@type\":\"PropertyValueSpecification\",\"valueRequired\":true,\"valueName\":\"search_term_string\"}}],\"inLanguage\":\"da-DK\"}]}<\/script>\n<!-- \/ Yoast SEO plugin. -->","yoast_head_json":{"title":"Tilmeld h\u00e5ndv\u00e6rker her. - Lokale H\u00e5ndv\u00e6rkere i Fredensborg Kommune","robots":{"index":"index","follow":"follow","max-snippet":"max-snippet:-1","max-image-preview":"max-image-preview:large","max-video-preview":"max-video-preview:-1"},"canonical":"https:\/\/fredensborg.lokalehaandvaerkere.dk\/index.php\/tilmeld-handvaerker-her-klik-pa-sign-up\/","og_locale":"da_DK","og_type":"article","og_title":"Tilmeld h\u00e5ndv\u00e6rker her. - Lokale H\u00e5ndv\u00e6rkere i Fredensborg Kommune","og_url":"https:\/\/fredensborg.lokalehaandvaerkere.dk\/index.php\/tilmeld-handvaerker-her-klik-pa-sign-up\/","og_site_name":"Lokale H\u00e5ndv\u00e6rkere i Fredensborg Kommune","article_modified_time":"2023-03-06T11:31:20+00:00","twitter_card":"summary_large_image","twitter_misc":{"Estimeret l\u00e6setid":"1 minut"},"schema":{"@context":"https:\/\/schema.org","@graph":[{"@type":"WebPage","@id":"https:\/\/fredensborg.lokalehaandvaerkere.dk\/index.php\/tilmeld-handvaerker-her-klik-pa-sign-up\/","url":"https:\/\/fredensborg.lokalehaandvaerkere.dk\/index.php\/tilmeld-handvaerker-her-klik-pa-sign-up\/","name":"Tilmeld h\u00e5ndv\u00e6rker her. - Lokale H\u00e5ndv\u00e6rkere i Fredensborg Kommune","isPartOf":{"@id":"https:\/\/fredensborg.lokalehaandvaerkere.dk\/#website"},"datePublished":"2022-07-12T06:44:31+00:00","dateModified":"2023-03-06T11:31:20+00:00","breadcrumb":{"@id":"https:\/\/fredensborg.lokalehaandvaerkere.dk\/index.php\/tilmeld-handvaerker-her-klik-pa-sign-up\/#breadcrumb"},"inLanguage":"da-DK","potentialAction":[{"@type":"ReadAction","target":["https:\/\/fredensborg.lokalehaandvaerkere.dk\/index.php\/tilmeld-handvaerker-her-klik-pa-sign-up\/"]}]},{"@type":"BreadcrumbList","@id":"https:\/\/fredensborg.lokalehaandvaerkere.dk\/index.php\/tilmeld-handvaerker-her-klik-pa-sign-up\/#breadcrumb","itemListElement":[{"@type":"ListItem","position":1,"name":"Hjem","item":"https:\/\/fredensborg.lokalehaandvaerkere.dk\/"},{"@type":"ListItem","position":2,"name":"Tilmeld h\u00e5ndv\u00e6rker her."}]},{"@type":"WebSite","@id":"https:\/\/fredensborg.lokalehaandvaerkere.dk\/#website","url":"https:\/\/fredensborg.lokalehaandvaerkere.dk\/","name":"Lokale H\u00e5ndv\u00e6rkere i Fredensborg Kommune","description":"En h\u00e5ndv\u00e6rker i n\u00e6rheden af dig i Fredensborg kommune","potentialAction":[{"@type":"SearchAction","target":{"@type":"EntryPoint","urlTemplate":"https:\/\/fredensborg.lokalehaandvaerkere.dk\/?s={search_term_string}"},"query-input":{"@type":"PropertyValueSpecification","valueRequired":true,"valueName":"search_term_string"}}],"inLanguage":"da-DK"}]}},"_links":{"self":[{"href":"https:\/\/fredensborg.lokalehaandvaerkere.dk\/index.php\/wp-json\/wp\/v2\/pages\/9","targetHints":{"allow":["GET"]}}],"collection":[{"href":"https:\/\/fredensborg.lokalehaandvaerkere.dk\/index.php\/wp-json\/wp\/v2\/pages"}],"about":[{"href":"https:\/\/fredensborg.lokalehaandvaerkere.dk\/index.php\/wp-json\/wp\/v2\/types\/page"}],"author":[{"embeddable":true,"href":"https:\/\/fredensborg.lokalehaandvaerkere.dk\/index.php\/wp-json\/wp\/v2\/users\/1"}],"replies":[{"embeddable":true,"href":"https:\/\/fredensborg.lokalehaandvaerkere.dk\/index.php\/wp-json\/wp\/v2\/comments?post=9"}],"version-history":[{"count":2,"href":"https:\/\/fredensborg.lokalehaandvaerkere.dk\/index.php\/wp-json\/wp\/v2\/pages\/9\/revisions"}],"predecessor-version":[{"id":73,"href":"https:\/\/fredensborg.lokalehaandvaerkere.dk\/index.php\/wp-json\/wp\/v2\/pages\/9\/revisions\/73"}],"wp:attachment":[{"href":"https:\/\/fredensborg.lokalehaandvaerkere.dk\/index.php\/wp-json\/wp\/v2\/media?parent=9"}],"curies":[{"name":"wp","href":"https:\/\/api.w.org\/{rel}","templated":true}]}}